{"id":9,"date":"2011-10-13T21:08:19","date_gmt":"2011-10-13T19:08:19","guid":{"rendered":"http:\/\/www.talleresateca.es\/?page_id=9"},"modified":"2026-02-16T15:46:25","modified_gmt":"2026-02-16T13:46:25","slug":"inicio","status":"publish","type":"page","link":"http:\/\/climaalba.es\/","title":{"rendered":"Inicio"},"content":{"rendered":"<p><span style=\"color: #000000;\">Clima Alba, es una empresa asturiana dedicada a la reparaci\u00f3n, mantenimiento e instalaci\u00f3n de todo tipo de aparatos de Calefacci\u00f3n, Agua Caliente Sanitaria (A. C. S.) y Energ\u00eda Solar T\u00e9rmica con funcionamiento mediante energ\u00edas de gas, gas\u00f3leo, el\u00e9ctrica y biomasa (pellets).<\/span><\/p>\n<p><span style=\"color: #000000;\"><strong>P<\/strong>restamos servicios en cualquier punto de la regi\u00f3n asturiana, a m\u00faltiples tipos de clientes c\u00f3mo: f\u00e1bricas o peque\u00f1as industrias, comunidades de vecinos, colegios, iglesias, hoteles, etc.\u00a0<\/span><\/p>\n<p><span style=\"color: #000000;\">Ofrecemos Servicio de Asistencia T\u00e9cnica Oficial, (S.A.T.O) a las siguientes marcas:<\/span><\/p>\n<ul>\n<li><span style=\"color: #000000;\"><a href=\"https:\/\/www.domusateknik.com\/es\/\" target=\"_blank\" rel=\"noopener\">DOMUSA<\/a>, <a href=\"http:\/\/tifell.com\/\" target=\"_blank\" rel=\"noopener\">TIFELL<\/a> , <a href=\"https:\/\/www.cibunigas.com\/es\/home-3\/\" target=\"_blank\" rel=\"noopener\">CIB-UNIGAS<\/a> , <a href=\"https:\/\/www.intergas.es\/\">INTERGAS<\/a>, y <a href=\"https:\/\/www.viessmann.es\/\" target=\"_blank\" rel=\"noopener\">VIESSMANN<\/a> en\u00a0 gas y gas\u00f3leo<\/span><\/li>\n<li><span style=\"color: #000000;\"><a href=\"https:\/\/ecoforest.com\/es\/\" target=\"_blank\" rel=\"noopener\">ECOFOREST<\/a> y\u00a0<a href=\"http:\/\/www.lacunza.net\/\" target=\"_blank\" rel=\"noopener\">LACUNZA<\/a> en biomasa, pellets y le\u00f1a.<\/span><\/li>\n<li><span style=\"color: #000000;\"><a href=\"https:\/\/www.jacobdelafon.es\/\" target=\"_blank\" rel=\"noopener\">JACOB DELAFON<\/a> y<a href=\"https:\/\/www.teka.com\/es-es\/\"> TEKA<\/a> en conservaci\u00f3n reparaci\u00f3n y mantenimiento, de ba\u00f1eras de hidromasaje, grifer\u00edas termost\u00e1ticas y electr\u00f3nicas, sanitarios, etc.<\/span><\/li>\n<\/ul>\n<p><span style=\"color: #000000;\">Disponemos de veh\u00edculos taller, equipados con todo lo necesario para realizar la mayor parte de las <strong>reparaciones a domicilio<\/strong>. Prestamos servicios en cualquier punto de la regi\u00f3n asturiana, a distintos tipos de clientes como\u00a0 f\u00e1bricas o peque\u00f1as industrias, comunidades de vecinos, colegios, iglesias, hoteles, etc.<\/span> \u00a0 <a href=\"http:\/\/talleresateca.es\/?page_id=2\">+ informaci\u00f3n de la empresa<\/a><\/p>\n<p style=\"text-align: center;\"><a href=\"https:\/\/www.domusateknik.com\" target=\"_blank\" rel=\"noopener\"><img loading=\"lazy\" decoding=\"async\" class=\"alignnone  wp-image-865\" src=\"http:\/\/climaalba.es\/wp-content\/uploads\/2026\/02\/01_DOMUSA.jpg\" alt=\"\" width=\"134\" height=\"43\" srcset=\"http:\/\/climaalba.es\/wp-content\/uploads\/2026\/02\/01_DOMUSA.jpg 402w, http:\/\/climaalba.es\/wp-content\/uploads\/2026\/02\/01_DOMUSA-300x96.jpg 300w\" sizes=\"auto, (max-width: 134px) 100vw, 134px\" \/><\/a><a href=\"http:\/\/tifell.com\/\" target=\"_blank\" rel=\"noopener\"><img loading=\"lazy\" decoding=\"async\" class=\"alignnone  wp-image-866\" src=\"http:\/\/climaalba.es\/wp-content\/uploads\/2026\/02\/02_TIFELL.jpg\" alt=\"\" width=\"136\" height=\"75\" \/><\/a><a href=\"https:\/\/www.cibunigas.com\/es\/home-3\/\" target=\"_blank\" rel=\"noopener\"><img loading=\"lazy\" decoding=\"async\" class=\"alignnone  wp-image-858\" src=\"http:\/\/climaalba.es\/wp-content\/uploads\/2026\/02\/03_CIB-Unigas-logo.jpg\" alt=\"\" width=\"161\" height=\"53\" srcset=\"http:\/\/climaalba.es\/wp-content\/uploads\/2026\/02\/03_CIB-Unigas-logo.jpg 896w, http:\/\/climaalba.es\/wp-content\/uploads\/2026\/02\/03_CIB-Unigas-logo-300x99.jpg 300w, http:\/\/climaalba.es\/wp-content\/uploads\/2026\/02\/03_CIB-Unigas-logo-768x254.jpg 768w\" sizes=\"auto, (max-width: 161px) 100vw, 161px\" \/><\/a><\/p>\n<p style=\"text-align: center;\"><a href=\"https:\/\/www.intergas.es\/\" target=\"_blank\" rel=\"noopener\"><img loading=\"lazy\" decoding=\"async\" class=\"alignnone  wp-image-859\" src=\"http:\/\/climaalba.es\/wp-content\/uploads\/2026\/02\/04_INTERGAS.-v1.jpg\" alt=\"\" width=\"152\" height=\"54\" srcset=\"http:\/\/climaalba.es\/wp-content\/uploads\/2026\/02\/04_INTERGAS.-v1.jpg 900w, http:\/\/climaalba.es\/wp-content\/uploads\/2026\/02\/04_INTERGAS.-v1-300x107.jpg 300w, http:\/\/climaalba.es\/wp-content\/uploads\/2026\/02\/04_INTERGAS.-v1-768x273.jpg 768w\" sizes=\"auto, (max-width: 152px) 100vw, 152px\" \/><\/a> <a href=\"https:\/\/www.viessmann.es\/\" target=\"_blank\" rel=\"noopener\"><img loading=\"lazy\" decoding=\"async\" class=\"alignnone  wp-image-872\" src=\"http:\/\/climaalba.es\/wp-content\/uploads\/2026\/02\/05-viessmann-V2.jpg\" alt=\"\" width=\"168\" height=\"49\" srcset=\"http:\/\/climaalba.es\/wp-content\/uploads\/2026\/02\/05-viessmann-V2.jpg 538w, http:\/\/climaalba.es\/wp-content\/uploads\/2026\/02\/05-viessmann-V2-300x88.jpg 300w\" sizes=\"auto, (max-width: 168px) 100vw, 168px\" \/><\/a>\u00a0<a href=\"https:\/\/ecoforest.com\/es\/\" target=\"_blank\" rel=\"noopener\"><img loading=\"lazy\" decoding=\"async\" class=\"alignnone  wp-image-861\" src=\"http:\/\/climaalba.es\/wp-content\/uploads\/2026\/02\/06-ECOFOREST.jpg\" alt=\"\" width=\"154\" height=\"55\" srcset=\"http:\/\/climaalba.es\/wp-content\/uploads\/2026\/02\/06-ECOFOREST.jpg 598w, http:\/\/climaalba.es\/wp-content\/uploads\/2026\/02\/06-ECOFOREST-300x107.jpg 300w\" sizes=\"auto, (max-width: 154px) 100vw, 154px\" \/><\/a><\/p>\n<p style=\"text-align: center;\"><a href=\"http:\/\/www.lacunza.net\/\" target=\"_blank\" rel=\"noopener\"><img loading=\"lazy\" decoding=\"async\" class=\"alignnone  wp-image-862\" src=\"http:\/\/climaalba.es\/wp-content\/uploads\/2026\/02\/07_LACUNZA.jpg\" alt=\"\" width=\"157\" height=\"66\" srcset=\"http:\/\/climaalba.es\/wp-content\/uploads\/2026\/02\/07_LACUNZA.jpg 614w, http:\/\/climaalba.es\/wp-content\/uploads\/2026\/02\/07_LACUNZA-300x127.jpg 300w\" sizes=\"auto, (max-width: 157px) 100vw, 157px\" \/><\/a> <a href=\"https:\/\/www.jacobdelafon.es\/\" target=\"_blank\" rel=\"noopener\"><img loading=\"lazy\" decoding=\"async\" class=\"alignnone  wp-image-863\" src=\"http:\/\/climaalba.es\/wp-content\/uploads\/2026\/02\/08_JACOB-1024x356.jpg\" alt=\"\" width=\"155\" height=\"54\" srcset=\"http:\/\/climaalba.es\/wp-content\/uploads\/2026\/02\/08_JACOB-1024x356.jpg 1024w, http:\/\/climaalba.es\/wp-content\/uploads\/2026\/02\/08_JACOB-300x104.jpg 300w, http:\/\/climaalba.es\/wp-content\/uploads\/2026\/02\/08_JACOB-768x267.jpg 768w, http:\/\/climaalba.es\/wp-content\/uploads\/2026\/02\/08_JACOB.jpg 1254w\" sizes=\"auto, (max-width: 155px) 100vw, 155px\" \/><\/a> <a href=\"https:\/\/www.teka.com\/es-es\/\" target=\"_blank\" rel=\"noopener\"><img loading=\"lazy\" decoding=\"async\" class=\"alignnone  wp-image-864\" src=\"http:\/\/climaalba.es\/wp-content\/uploads\/2026\/02\/09_TEKA.jpg\" alt=\"\" width=\"139\" height=\"55\" srcset=\"http:\/\/climaalba.es\/wp-content\/uploads\/2026\/02\/09_TEKA.jpg 624w, http:\/\/climaalba.es\/wp-content\/uploads\/2026\/02\/09_TEKA-300x119.jpg 300w\" sizes=\"auto, (max-width: 139px) 100vw, 139px\" \/><\/a> \u00a0<\/p>\n<p>\u00a0<\/p>\n<p>\u00a0<\/p>\n\n\n<p><\/p>\n","protected":false},"excerpt":{"rendered":"<p>Clima Alba, es una empresa asturiana dedicada a la reparaci\u00f3n, mantenimiento e instalaci\u00f3n de todo tipo de aparatos de Calefacci\u00f3n, Agua Caliente Sanitaria (A. C. S.) y Energ\u00eda Solar T\u00e9rmica con funcionamiento mediante energ\u00edas de gas, gas\u00f3leo, el\u00e9ctrica y biomasa (pellets). Prestamos servicios en cualquier punto de la regi\u00f3n asturiana, a m\u00faltiples tipos de clientes &#8230; <a title=\"Inicio\" class=\"read-more\" href=\"http:\/\/climaalba.es\/\" aria-label=\"Leer m\u00e1s sobre Inicio\">Leer m\u00e1s<\/a><\/p>\n","protected":false},"author":1,"featured_media":0,"parent":0,"menu_order":0,"comment_status":"closed","ping_status":"closed","template":"","meta":{"footnotes":""},"class_list":["post-9","page","type-page","status-publish"],"_links":{"self":[{"href":"http:\/\/climaalba.es\/index.php?rest_route=\/wp\/v2\/pages\/9","targetHints":{"allow":["GET"]}}],"collection":[{"href":"http:\/\/climaalba.es\/index.php?rest_route=\/wp\/v2\/pages"}],"about":[{"href":"http:\/\/climaalba.es\/index.php?rest_route=\/wp\/v2\/types\/page"}],"author":[{"embeddable":true,"href":"http:\/\/climaalba.es\/index.php?rest_route=\/wp\/v2\/users\/1"}],"replies":[{"embeddable":true,"href":"http:\/\/climaalba.es\/index.php?rest_route=%2Fwp%2Fv2%2Fcomments&post=9"}],"version-history":[{"count":125,"href":"http:\/\/climaalba.es\/index.php?rest_route=\/wp\/v2\/pages\/9\/revisions"}],"predecessor-version":[{"id":881,"href":"http:\/\/climaalba.es\/index.php?rest_route=\/wp\/v2\/pages\/9\/revisions\/881"}],"wp:attachment":[{"href":"http:\/\/climaalba.es\/index.php?rest_route=%2Fwp%2Fv2%2Fmedia&parent=9"}],"curies":[{"name":"wp","href":"https:\/\/api.w.org\/{rel}","templated":true}]}}