{"id":65,"date":"2011-12-05T14:24:30","date_gmt":"2011-12-05T12:24:30","guid":{"rendered":"http:\/\/pr.talleresateca.com\/?page_id=65"},"modified":"2026-02-18T13:26:43","modified_gmt":"2026-02-18T11:26:43","slug":"consejos","status":"publish","type":"page","link":"http:\/\/climaalba.es\/?page_id=65","title":{"rendered":"Consejos"},"content":{"rendered":"<p><span style=\"color: #000000;\">En nuestra empresa somos conscientes de que,\u00a0 en los tiempos que corren no se puede derrochar ni un solo euro en combustible. A trav\u00e9s de estos consejos vamos a intentar ayudarle a conseguir un uso m\u00e1s eficiente de su instalaci\u00f3n. No obstante, si lo desea, puede ponerse en contacto con nosotros para cualquier duda o aclaraci\u00f3n que se le presente.<\/span><\/p>\n<p><span style=\"color: #000000;\">Una<strong> temperatura de 20\u00baC<\/strong> resulta confortable para una vivienda: por cada grado adicional gastar\u00e1 aproximadamente un 7% m\u00e1s de energ\u00eda.<\/span><\/p>\n<p><a href=\"http:\/\/climaalba.es\/wp-content\/uploads\/2026\/02\/cronotermostato.png\"><img loading=\"lazy\" decoding=\"async\" class=\"wp-image-892 aligncenter\" src=\"http:\/\/climaalba.es\/wp-content\/uploads\/2026\/02\/cronotermostato.png\" alt=\"\" width=\"294\" height=\"352\" srcset=\"http:\/\/climaalba.es\/wp-content\/uploads\/2026\/02\/cronotermostato.png 712w, http:\/\/climaalba.es\/wp-content\/uploads\/2026\/02\/cronotermostato-251x300.png 251w\" sizes=\"auto, (max-width: 294px) 100vw, 294px\" \/><\/a><\/p>\n<p><span style=\"color: #000000;\"><strong>Instale un cronotermostato<\/strong>\u00a0digital de ambiente\u00a0 (regula temperatura y tiempo de encendido), podr\u00e1 ahorrar hasta un 25% de consumo ya que controlar\u00e1 de forma m\u00e1s eficiente el horario y temperatura de uso. Si se ausenta durante unas horas, reduzca el termostato a 17\u00ba y en caso de ausencia prolongada, desconecte totalmente la calefacci\u00f3n.<\/span><\/p>\n<p><span style=\"color: #000000;\">La sensaci\u00f3n de <strong>confort es un combinado de temperatura y humedad<\/strong> relativa del aire. Manteniendo esta entre el 40 y el 50 % ahorrar\u00e1 en combustible y podr\u00e1 prevenir el efecto de la humedad por condensaci\u00f3n.<\/span><\/p>\n<p><span style=\"color: #000000;\"><strong>Ventilar su casa es necesario<\/strong>, pero hacerlo en exceso despilfarra energ\u00eda. Abra una ventana 10 minutos al d\u00eda y ser\u00e1 suficiente. De esa manera renovar\u00e1 el aire, pero el calor de las paredes y los muebles se mantendr\u00e1. En poco tiempo volver\u00e1 a tener la temperatura de confort.<\/span><\/p>\n<p><span style=\"color: #000000;\">Haga una <strong>revis\u00f3n a su caldera<\/strong>, en ella se limpiar\u00e1 el holl\u00edn y se regular\u00e1 el quemador, con estas simples medidas ahorrar\u00e1 hasta un 5% m\u00e1s de energ\u00eda.<\/span><\/p>\n<p><span style=\"color: #000000;\"><strong>Las calderas antiguas consumen m\u00e1s que las actuales.<\/strong> A partir de quince a\u00f1os es recomendable ir contemplando la posibilidad de modernizar su calefacci\u00f3n, cambiar una caldera es sencillo, no requiere obras, el resto de la instalaci\u00f3n le sirve (radiadores y tuber\u00edas). Los mejores meses para realizar su instalaci\u00f3n o mantenimiento son de Abril a Septiembre, fuera de la tempora de uso.<\/span><\/p>\n<p><span style=\"color: #000000;\"><strong>Las p\u00e9rdidas de calor<\/strong> se producen por deficiencias en el aislamiento, comprube que las puertas y ventanas cierren bien (que no hay corrientes de aire) cambiar o poner burletes ayuda en el ahorro.<\/span><\/p>\n<p><span style=\"color: #000000;\"><strong>Tener aire en el circuito de la calefacci\u00f3n<\/strong> puede producir ruidos y gasto excesivo de combustible. Si al tocar un radiador nota zonas m\u00e1s frias es que tiene aire y el remedio es purgar el radiador. Es algo sencillo, pero si no se siente capaz de hacerlo llamenos.<\/span><\/p>\n<p><span style=\"color: #000000;\">Se hace abriendo los tornillos de purgado de aire con una llave (ponga un caldero o una cacerola para recoger el agua) y deje salir el aire (notar\u00e1 un burbujeo) hasta que empiece a salir agua caliente continuamente. Cierre el tornillo de inmediato.\u00a0 Si saca demasiada agua ser\u00e1 necesario rellenar un poco el circuito.<\/span><\/p>\n<p style=\"text-align: center;\"><a href=\"http:\/\/climaalba.es\/wp-content\/uploads\/2026\/02\/purgador-manual1.png\"><img loading=\"lazy\" decoding=\"async\" class=\"alignnone  wp-image-893\" src=\"http:\/\/climaalba.es\/wp-content\/uploads\/2026\/02\/purgador-manual1.png\" alt=\"\" width=\"214\" height=\"259\" srcset=\"http:\/\/climaalba.es\/wp-content\/uploads\/2026\/02\/purgador-manual1.png 274w, http:\/\/climaalba.es\/wp-content\/uploads\/2026\/02\/purgador-manual1-248x300.png 248w\" sizes=\"auto, (max-width: 214px) 100vw, 214px\" \/><\/a><\/p>\n<p><span style=\"color: #000000;\"><strong>Bajar las persianas<\/strong>, ayudar\u00e1 a evitar que el fr\u00edo entre a trav\u00e9s de los huecos de las ventanas. El ahorro energ\u00e9tico aumenta en un 4% aproximadamente.<\/span><\/p>\n<p><span style=\"color: #000000;\"><strong>No cubra los radiadores<\/strong> y las v\u00e1lvulas termost\u00e1ticas con ropa, cortinas o muebles y no los use como tendedero. Impiden la circulaci\u00f3n del aire, bajando el rendimiento y aumentando el consumo, que incluso puede llegar al 20%.<\/span><\/p>\n<p><span style=\"color: #000000;\"><a href=\"http:\/\/climaalba.es\/wp-content\/uploads\/2026\/02\/valv-termostatica2.png\"><br \/><img loading=\"lazy\" decoding=\"async\" class=\"wp-image-894 aligncenter\" src=\"http:\/\/climaalba.es\/wp-content\/uploads\/2026\/02\/valv-termostatica2.png\" alt=\"\" width=\"348\" height=\"145\" srcset=\"http:\/\/climaalba.es\/wp-content\/uploads\/2026\/02\/valv-termostatica2.png 804w, http:\/\/climaalba.es\/wp-content\/uploads\/2026\/02\/valv-termostatica2-300x125.png 300w, http:\/\/climaalba.es\/wp-content\/uploads\/2026\/02\/valv-termostatica2-768x320.png 768w\" sizes=\"auto, (max-width: 348px) 100vw, 348px\" \/><\/a><\/span><\/p>\n<h1 class=\"entry-title\">Confort en el hogar<\/h1>\n<p><span style=\"color: #000000;\">A veces peque\u00f1as acciones producen grandes efectos, a continuaci\u00f3n le explicamos algunas medidas a tener en cuenta en el d\u00eda a d\u00eda del hogar. Llev\u00e1ndolas a cabo ayudar\u00e1 a mantener un medio ambiente sostenible.<\/span><\/p>\n<p><span style=\"color: #000000;\"><strong>AHORRO y TEMPERATURA<\/strong><\/span><\/p>\n<p><span style=\"color: #000000;\">La temperatura recomendable en cada una de las \u00e1reas del hogar varia en funci\u00f3n del uso y los gustos. Pueden ir desde 18 a 22\u00bac. Si dispone de termostato en cada zona reg\u00falelo independientemente, sino puede actuar sobre las llaves de cierre de cada radiador y comprobar con un term\u00f3metro.<\/span><\/p>\n<p><span style=\"color: #000000;\">Se recomiendan las siguientes temperaturas:<\/span><\/p>\n<ul>\n<li><span style=\"color: #000000;\">17 a 19\u00b0C en las habitaciones.<\/span><\/li>\n<li><span style=\"color: #000000;\">19 a 21\u00b0C para los cuartos de estar.<\/span><\/li>\n<li><span style=\"color: #000000;\">20 a 22\u00b0C en los ba\u00f1os, puede optar por tenerlos siempre caldeados o usar un peque\u00f1o calefactor puntualmente, con ello ahorrar\u00e1 energ\u00eda.<\/span><\/li>\n<li><span style=\"color: #000000;\">Si usted planea ausentarse durante m\u00e1s un d\u00eda apague la calefacci\u00f3n.<\/span><\/li>\n<li><span style=\"color: #000000;\">El termostato est\u00e1 apagando y encendiendo la calefacci\u00f3n constantemente en funci\u00f3n de la temperatura. Es normal que si toca los radiadores a veces est\u00e9n fr\u00edos, se habr\u00e1 alcanzado la temperatura programada y estar\u00e1 esperando a que baje la temperatura ambiente para encenderse otra vez.<\/span><\/li>\n<li><span style=\"color: #000000;\">Cada grado de temperatura\u00a0 m\u00e1s supone un consumo adicional de un 7%<\/span><\/li>\n<\/ul>\n<p><span style=\"color: #000000;\"><strong>El AGUA<\/strong><\/span><\/p>\n<p><span style=\"color: #000000;\">El agua es un bien cada vez m\u00e1s escaso, procure no despilfarrarlo, ahorrar\u00e1 dinero y colaborar\u00e1 con la preservaci\u00f3n del medio ambiente. Algunos consejos son:<\/span><\/p>\n<ul>\n<li><span style=\"color: #000000;\">Un peque\u00f1o cambio de habitos cerrando el grifo mientras se cepilla los dientes tambi\u00e9n es muy eficaz.<\/span><\/li>\n<li><span style=\"color: #000000;\">Un grifo goteando son miles de litros desperdiciados, repare sus grifos.<\/span><\/li>\n<li><span style=\"color: #000000;\">Procure llenar el lavavajillas y la lavadora, ahorra agua y electricidad.<\/span><\/li>\n<li><span style=\"color: #000000;\">Existen cisternas para inodoro con dos tipos de descarga, instalar el sistema es barato y simple.<\/span><\/li>\n<li><span style=\"color: #000000;\">Los difusores para grifos tambi\u00e9n son baratos y f\u00e1ciles de instalar<\/span><\/li>\n<li><span style=\"color: #000000;\">Use el detergente en las dosis recomendadas, tendr\u00e1 la misma eficacia y contaminar\u00e1 menos.<\/span><\/li>\n<li><span style=\"color: #000000;\">Tirar por los desag\u00fces aceite, disolventes y en general productos qu\u00edmicos dificulta\u00a0 mucho el reciclado dela gua. Almacenemos y ll\u00e9velos a un punto limpio. Su ayuntamiento le informar\u00e1 de su ubicaci\u00f3n.<\/span><\/li>\n<\/ul>\n<p><span style=\"color: #000000;\">Teniendo cuidado, podemos ahorrar hasta muchos litros al d\u00eda. Un ejemplo puede ser ducha en vez de ba\u00f1o. En una ducha se consumen unos 50 l y en un ba\u00f1o 200 l.<\/span><\/p>\n<p><span style=\"color: #000000;\"><strong>LOS RESIDUOS<\/strong><\/span><\/p>\n<p><span style=\"color: #000000;\">El reciclaje de residuos es uno de los grandes problemas de las sociedades modernas. En nuestros hogares producimos toneladas de basura. Colabore en la selecci\u00f3n de basuras separando los residuos en bolsas diferentes; papel y cart\u00f3n, pl\u00e1sticos y botes, vidrio,\u00a0 materia org\u00e1nica.<\/span><\/p>\n<p><span style=\"color: #000000;\">Utilice los puntos limpios para deshacerse de productos electr\u00f3nicos, grandes embalajes, materiales de construcci\u00f3n, aceites y pinturas, etc.<\/span><\/p>\n\n\n<p><\/p>\n","protected":false},"excerpt":{"rendered":"<p>En nuestra empresa somos conscientes de que,\u00a0 en los tiempos que corren no se puede derrochar ni un solo euro en combustible. A trav\u00e9s de estos consejos vamos a intentar ayudarle a conseguir un uso m\u00e1s eficiente de su instalaci\u00f3n. No obstante, si lo desea, puede ponerse en contacto con nosotros para cualquier duda o &#8230; <a title=\"Consejos\" class=\"read-more\" href=\"http:\/\/climaalba.es\/?page_id=65\" aria-label=\"Leer m\u00e1s sobre Consejos\">Leer m\u00e1s<\/a><\/p>\n","protected":false},"author":1,"featured_media":0,"parent":0,"menu_order":0,"comment_status":"closed","ping_status":"closed","template":"","meta":{"footnotes":""},"class_list":["post-65","page","type-page","status-publish"],"_links":{"self":[{"href":"http:\/\/climaalba.es\/index.php?rest_route=\/wp\/v2\/pages\/65","targetHints":{"allow":["GET"]}}],"collection":[{"href":"http:\/\/climaalba.es\/index.php?rest_route=\/wp\/v2\/pages"}],"about":[{"href":"http:\/\/climaalba.es\/index.php?rest_route=\/wp\/v2\/types\/page"}],"author":[{"embeddable":true,"href":"http:\/\/climaalba.es\/index.php?rest_route=\/wp\/v2\/users\/1"}],"replies":[{"embeddable":true,"href":"http:\/\/climaalba.es\/index.php?rest_route=%2Fwp%2Fv2%2Fcomments&post=65"}],"version-history":[{"count":31,"href":"http:\/\/climaalba.es\/index.php?rest_route=\/wp\/v2\/pages\/65\/revisions"}],"predecessor-version":[{"id":944,"href":"http:\/\/climaalba.es\/index.php?rest_route=\/wp\/v2\/pages\/65\/revisions\/944"}],"wp:attachment":[{"href":"http:\/\/climaalba.es\/index.php?rest_route=%2Fwp%2Fv2%2Fmedia&parent=65"}],"curies":[{"name":"wp","href":"https:\/\/api.w.org\/{rel}","templated":true}]}}