{"id":508,"date":"2012-02-10T00:01:46","date_gmt":"2012-02-09T22:01:46","guid":{"rendered":"http:\/\/talleresateca.es\/?page_id=508"},"modified":"2026-02-18T13:06:14","modified_gmt":"2026-02-18T11:06:14","slug":"tarifas","status":"publish","type":"page","link":"http:\/\/climaalba.es\/?page_id=508","title":{"rendered":"Tarifas"},"content":{"rendered":"<p><span style=\"color: #000000; font-size: revert;\"><br \/>El precio final de otros servicios se desglosa en cuatro apartados, Mano de obra, Disponibilidad de servicio, costes espec\u00edficos y piezas. Cuando nos pida un servicio, antes de realizarlo ser\u00e1 informado de su precio.<\/span><\/p>\n<p><span style=\"color: #000000;\"><strong>MANO DE OBRA: <\/strong>Le facturaremos el tiempo que estemos en su domicilio, m\u00ednimo media hora:<\/span><\/p>\n<table border=\"5\" width=\"75%\">\n<tbody>\n<tr>\n<td><span style=\"color: #000000;\">30 min<\/span><\/td>\n<td>\n<div align=\"right\"><span style=\"color: #000000;\">30,00 \u20ac<\/span><\/div>\n<\/td>\n<\/tr>\n<tr>\n<td><span style=\"color: #000000;\">45 min<\/span><\/td>\n<td>\n<div align=\"right\"><span style=\"color: #000000;\">45,00 \u20ac<\/span><\/div>\n<\/td>\n<\/tr>\n<tr>\n<td><span style=\"color: #000000;\">60 min<\/span><\/td>\n<td>\n<div align=\"right\"><span style=\"color: #000000;\">60,00 \u20ac<\/span><\/div>\n<\/td>\n<\/tr>\n<tr>\n<td><span style=\"color: #000000;\">A partir de una hora se cobra por fracciones de 15 minutos<\/span><\/td>\n<td>\n<div align=\"right\"><span style=\"color: #000000;\">15,00 \u20ac<\/span><\/div>\n<\/td>\n<\/tr>\n<\/tbody>\n<\/table>\n<p><span style=\"color: #000000;\"><strong>DISPONIBILIDAD DE SERVICIO: <\/strong>Es una cantidad fija que depende del lugar desde el que nos pida el servicio, lo que siempre se ha llamado \u201cdesplazamiento\u201d. Es un concepto que incluye el tiempo empleado en desplazarse, los costes de veh\u00edculos, combustible, gesti\u00f3n de llamadas, etc. Se toma como centro de salida Oviedo ciudad.<\/span><\/p>\n<table style=\"height: 112px;\" border=\"5\" width=\"863\">\n<tbody>\n<tr>\n<td><span style=\"color: #000000;\">Oviedo ciudad y hasta30 km<\/span><\/td>\n<td>\n<div align=\"right\"><span style=\"color: #000000;\">40 \u20ac<\/span><\/div>\n<\/td>\n<\/tr>\n<tr>\n<td><span style=\"color: #000000;\">Hasta 40<\/span><\/td>\n<td>\n<div align=\"right\"><span style=\"color: #000000;\">45 \u20ac<\/span><\/div>\n<\/td>\n<\/tr>\n<tr>\n<td><span style=\"color: #000000;\">Hasta 50<\/span><\/td>\n<td>\n<div align=\"right\"><span style=\"color: #000000;\">55<\/span><span style=\"color: #b00000;\"><span style=\"color: #000000;\">\u00a0\u20ac<\/span><\/span><\/div>\n<\/td>\n<\/tr>\n<\/tbody>\n<\/table>\n<p><span style=\"color: #000000;\"><strong>COSTE ESPEC\u00cdFICO: <\/strong>Algunos trabajos especiales por la herramienta usada, la penosidad, productos empleados, el horario, su duraci\u00f3n, etc. Tienen un coste a\u00f1adido.<\/span><\/p>\n<table border=\"5\" width=\"75%\">\n<tbody>\n<tr>\n<td><span style=\"color: #000000;\">Limpieza y deshollinado de caldera<\/span><\/td>\n<td>\n<div align=\"right\"><span style=\"color: #000000;\">30 \u20ac<\/span><\/div>\n<\/td>\n<\/tr>\n<tr>\n<td><span style=\"color: #000000;\">An\u00e1lisis de combusti\u00f3n<\/span><\/td>\n<td>\n<div align=\"right\"><span style=\"color: #000000;\">25 \u20ac<\/span><\/div>\n<\/td>\n<\/tr>\n<tr>\n<td><span style=\"color: #000000;\">Descalcificaci\u00f3n de caldera<\/span><\/td>\n<td>\n<div align=\"right\"><span style=\"color: #000000;\">60 \u20ac<\/span><\/div>\n<\/td>\n<\/tr>\n<tr>\n<td><span style=\"color: #000000;\">Media dieta de operario<\/span><\/td>\n<td>\n<div align=\"right\"><span style=\"color: #000000;\">25 \u20ac<\/span><\/div>\n<\/td>\n<\/tr>\n<tr>\n<td><span style=\"color: #000000;\">Servicio de asistencia en festivo<\/span><\/td>\n<td>\n<div align=\"right\"><span style=\"color: #000000;\">95 \u20ac<\/span><\/div>\n<\/td>\n<\/tr>\n<tr>\n<td><span style=\"color: #000000;\">Servicio de asistencia en el d\u00eda<\/span><\/td>\n<td>\n<div align=\"right\"><span style=\"color: #000000;\">60 \u20ac<\/span><\/div>\n<\/td>\n<\/tr>\n<\/tbody>\n<\/table>\n<p><span style=\"color: #000000;\"><strong>\u00a0NOTAS:<\/strong><\/span><\/p>\n<p><span style=\"color: #000000;\">&#8211; Esta lista de precios es orientativa, cuando nos llame para definir el servicio le indicaremos el precio.<\/span><\/p>\n<p><span style=\"color: #000000;\">&#8211; En esta lista de precios no est\u00e1 incluido el\u00a0 I.V.A. (\u00a021 % )<\/span><\/p>\n<p><span style=\"color: #000000;\">&#8211; Todas las reparaciones efectuadas por el SATO est\u00e1n sometidas a la Ley General de Consumidores seg\u00fan el Real Decreto 58\/1988 de 29 de Enero, por lo que se garantizan por un periodo m\u00ednimo de 3 meses.<\/span><\/p>\n<p><span style=\"color: #ffffff;\">.<\/span><\/p>\n\n\n<p><\/p>\n","protected":false},"excerpt":{"rendered":"<p>El precio final de otros servicios se desglosa en cuatro apartados, Mano de obra, Disponibilidad de servicio, costes espec\u00edficos y piezas. Cuando nos pida un servicio, antes de realizarlo ser\u00e1 informado de su precio. MANO DE OBRA: Le facturaremos el tiempo que estemos en su domicilio, m\u00ednimo media hora: 30 min 30,00 \u20ac 45 min &#8230; <a title=\"Tarifas\" class=\"read-more\" href=\"http:\/\/climaalba.es\/?page_id=508\" aria-label=\"Leer m\u00e1s sobre Tarifas\">Leer m\u00e1s<\/a><\/p>\n","protected":false},"author":1,"featured_media":0,"parent":0,"menu_order":0,"comment_status":"closed","ping_status":"closed","template":"","meta":{"footnotes":""},"class_list":["post-508","page","type-page","status-publish"],"_links":{"self":[{"href":"http:\/\/climaalba.es\/index.php?rest_route=\/wp\/v2\/pages\/508","targetHints":{"allow":["GET"]}}],"collection":[{"href":"http:\/\/climaalba.es\/index.php?rest_route=\/wp\/v2\/pages"}],"about":[{"href":"http:\/\/climaalba.es\/index.php?rest_route=\/wp\/v2\/types\/page"}],"author":[{"embeddable":true,"href":"http:\/\/climaalba.es\/index.php?rest_route=\/wp\/v2\/users\/1"}],"replies":[{"embeddable":true,"href":"http:\/\/climaalba.es\/index.php?rest_route=%2Fwp%2Fv2%2Fcomments&post=508"}],"version-history":[{"count":66,"href":"http:\/\/climaalba.es\/index.php?rest_route=\/wp\/v2\/pages\/508\/revisions"}],"predecessor-version":[{"id":939,"href":"http:\/\/climaalba.es\/index.php?rest_route=\/wp\/v2\/pages\/508\/revisions\/939"}],"wp:attachment":[{"href":"http:\/\/climaalba.es\/index.php?rest_route=%2Fwp%2Fv2%2Fmedia&parent=508"}],"curies":[{"name":"wp","href":"https:\/\/api.w.org\/{rel}","templated":true}]}}