{"id":46,"date":"2011-10-20T00:00:36","date_gmt":"2011-10-19T22:00:36","guid":{"rendered":"http:\/\/www.talleresateca.es\/?page_id=46"},"modified":"2026-02-18T13:24:44","modified_gmt":"2026-02-18T11:24:44","slug":"nivel-2","status":"publish","type":"page","link":"http:\/\/climaalba.es\/?page_id=46","title":{"rendered":"Particulares"},"content":{"rendered":"<p><span style=\"color: #000000;\">Disponemos de diferentes servicios\u00a0 pensados para satisfacer las necesidades de <strong>clientes particulares<\/strong>.<\/span><\/p>\n<ul>\n<li><span style=\"color: #000000;\">SATO de<\/span> \u00a0<a href=\"https:\/\/www.domusateknik.com\/es\/\" target=\"_blank\" rel=\"noopener\">DOMUSA<\/a> &#8211;\u00a0<a href=\"http:\/\/tifell.com\/\" target=\"_blank\" rel=\"noopener\">TIFELL<\/a> &#8211; <a href=\"https:\/\/www.cibunigas.com\/es\/home-3\/\" target=\"_blank\" rel=\"noopener\">CIB-UNIGAS<\/a> &#8211; <a href=\"https:\/\/www.intergas.es\/\">INTERGAS <\/a>&#8211; <a href=\"https:\/\/www.viessmann.es\/\" target=\"_blank\" rel=\"noopener\">VIESSMAN<\/a>\u00a0 &#8211; <a href=\"https:\/\/ecoforest.com\/es\/\" target=\"_blank\" rel=\"noopener\">ECOFOREST<\/a> &#8211; <a href=\"http:\/\/www.lacunza.net\/\" target=\"_blank\" rel=\"noopener\">LACUNZA<\/a> &#8211;\u00a0<a href=\"https:\/\/www.jacobdelafon.es\/\" target=\"_blank\" rel=\"noopener\">JACOB DELAFON<\/a> &#8211;<a href=\"https:\/\/www.teka.com\/es-es\/\"> TEKA<\/a><\/li>\n<\/ul>\n<ul>\n<li><span style=\"color: #000000;\">Cambios de caldera<\/span><\/li>\n<li><span style=\"color: #000000;\">Contratos de mantenimiento con revisiones programadas<\/span><\/li>\n<li><span style=\"color: #000000;\">Atenci\u00f3n de aver\u00edas a domicilio<\/span><\/li>\n<li><span style=\"color: #000000;\">Reparaci\u00f3n de calderas de gas, gas\u00f3leo y pellets<\/span><\/li>\n<li><span style=\"color: #000000;\">Reparaci\u00f3n e instalaci\u00f3n de termos el\u00e9ctricos.<\/span><\/li>\n<li><span style=\"color: #000000;\">Puesta en marcha de calderas de gas<\/span><\/li>\n<li><span style=\"color: #000000;\">Venta de piezas de recambio<\/span><\/li>\n<\/ul>\n<p><span style=\"color: #000000;\">Pero antes de present\u00e1rselos, queremos recordarle que la normativa vigente en materia de instalaciones t\u00e9rmicas en los edificios, Real Decreto 1027\/2007, de 20 de julio, hace responsable del mantenimiento de la instalaci\u00f3n y de los aparatos al propietario o usuario, con independencia de que exista sobre ellos una garant\u00eda legal o comercial del fabricante o vendedor. Adem\u00e1s, exige <strong>una revisi\u00f3n anual obligatoria<\/strong>. El incumplimiento de esta revisi\u00f3n puede hacer responsable al <strong>propietario o usuario<\/strong> de los da\u00f1os que se generen a terceros y, adem\u00e1s, puede ser objeto de sanci\u00f3n administrativa. \u00a0En caso de siniestro, la compa\u00f1\u00eda aseguradora, puede llegar a no hacerse cargo si usted no est\u00e1 al d\u00eda con sus obligaciones.<\/span><\/p>\n<p><span style=\"color: #000000;\"><strong><span style=\"color: #000000;\">CAMBIOS DE CALDERA:<\/span><\/strong><\/span><\/p>\n<p><span style=\"color: #000000;\">Un sistema de calefacci\u00f3n\u00a0 antiguo puede ser actualizado con la sustituci\u00f3n de la caldera, el resto de la instalaci\u00f3n, tuber\u00edas y radiadores, no necesita ser reemplazado. Este cambio r\u00e1pido de hacer y que no le causar\u00e1 molestias, ya que no requiere obras, repercutir\u00e1 en un ahorro considerable de combustible y en una mayor seguridad. Cons\u00faltenos, le asesoramos sin compromiso.<\/span><\/p>\n<p><span style=\"color: #000000;\"><strong>CONTRATOS DE MANTENIMIENTO:<\/strong><\/span><\/p>\n<p><span style=\"color: #000000;\">Clima Alba le ofrece contratos de mantenimiento anuales para su sistema de calefacci\u00f3n y agua caliente de gas, gas\u00f3leo o pellets. De surgir alguna aver\u00eda, podr\u00e1 repararla r\u00e1pidamente, ahorr\u00e1ndose adem\u00e1s los costes de desplazamiento y mano de obra.<\/span><\/p>\n<p><span style=\"color: #000000;\">Como Servicio T\u00e9cnico Oficial de varias marcas puede tener la m\u00e1xima confianza en que nuestros t\u00e9cnicos conocen las m\u00e1quinas y de que disponemos de los repuestos originales.<\/span><\/p>\n<p><span style=\"color: #000000;\">Incluso las tecnolog\u00edas m\u00e1s modernas, necesitan un mantenimiento peri\u00f3dico. Un contrato de mantenimiento le permite a usted estar tranquilo, sabiendo que dispone de una instalaci\u00f3n en \u00f3ptimas condiciones tanto en seguridad c\u00f3mo en consumo, adem\u00e1s de que cumple con la legislaci\u00f3n vigente. <strong>Su caldera durar\u00e1 m\u00e1s, gastar\u00e1 menos y funcionar\u00e1 mejor<\/strong><\/span><\/p>\n<p><span style=\"color: #000000;\">Disponemos de varios tipos de contratos de mantenimiento, para que usted elija el que mejor se adapta a sus necesidades.<\/span><\/p>\n<p><span style=\"color: #000000;\">Recuerde:<\/span><\/p>\n<ul>\n<li><span style=\"color: #000000;\">El mantenimiento alarga la vida de su caldera y la conserva en perfecto estado.<\/span><\/li>\n<li><span style=\"color: #000000;\">Ahorrar\u00e1 en su factura de combustible gracias al correcto mantenimiento y limpieza de su caldera, lo que le beneficia a usted y al medio ambiente.<\/span><\/li>\n<li><span style=\"color: #000000;\">Evitar\u00e1 contratiempos y malas experiencias en plena temporada de frio, as\u00ed como aver\u00edas futuras.<\/span><\/li>\n<li><span style=\"color: #000000;\">Experiencia, cada uno de nuestros t\u00e9cnicos revisa de media unos 600 aparatos al a\u00f1o.<\/span><\/li>\n<li><span style=\"color: #000000;\">Cita previa, para que sepa a qu\u00e9 hora va a llegar nuestro t\u00e9cnico y no pierda su tiempo.<\/span><\/li>\n<li><span style=\"color: #000000;\">Seguridad, en la revisi\u00f3n anual comprobamos en profundidad todos los elementos de seguridad de su caldera.<\/span><\/li>\n<li><span style=\"color: #000000;\">Con un contrato de mantenimiento con Talleres Ateca se asegura el cumplimiento de la normativa vigente: Real Decreto 1027\/2007, de 20 de julio que le impone como obligatoria la revisi\u00f3n anual de las calderas a gas, y la extensi\u00f3n por parte de un equipo de expertos de un \u201cCertificado de acreditaci\u00f3n\u201d.<\/span><\/li>\n<\/ul>\n<p><span style=\"color: #000000;\"><strong>PUESTA EN MARCHA DE CALDERAS DE GAS:<\/strong><\/span><\/p>\n<p><span style=\"color: #000000;\">Una caldera instalada debe contar con un \u201ccertificado de puesta en marcha\u201d expedido por persona autorizada. Este certificado le ser\u00e1 necesario para dar de alta el suministro de gas y tener una garant\u00eda de fabricante vigente. No basta con que \u201calguien\u201d le instale la caldera, tiene que certificarla.<\/span><\/p>\n<p><span style=\"color: #000000;\">Por su seguridad debe saber que la instalaci\u00f3n de una caldera debe ser llevada a cabo s\u00f3lo por personal cualificado ya que la instalaci\u00f3n o manipulado incorrecto de la misma puede producir mon\u00f3xido de carbono, un gas que puede causar lesiones serias. Adem\u00e1s la instalaci\u00f3n o manipulado incorrecto pueden anular la garant\u00eda de su equipo.<\/span><\/p>\n<p><span style=\"color: #000000;\">Nuestro personal est\u00e1 facultado y capacitado para llevar a cabo la puesta en marcha de su caldera dej\u00e1ndola totalmente operativa. Poseen la documentaci\u00f3n que los acredita como \u201cAgentes de puesta en marcha\u201d. Una vez terminado nuestro trabajo y como cumplimiento de la normativa vigente: Real Decreto 919\/2.006 del 28 de julio le ser\u00e1 entregado el: \u201cCertificado de acreditaci\u00f3n para la puesta en marcha de calderas de gas\u201d el cual deber\u00e1 ser mostrado a las autoridades competentes en caso que lo soliciten.<\/span><\/p>\n<p><span style=\"color: #000000;\">Debemos recordar a nuestros clientes que la normativa vigente en materia de instalaciones t\u00e9rmicas en los edificios, Real Decreto 1027\/2007 de 20 de julio, hace responsable del mantenimiento de la instalaci\u00f3n y de los aparatos de gas al propietario o usuario, con independencia de que exista sobre ellos una garant\u00eda legal o comercial del fabricante o vendedor.<\/span><\/p>\n<p><span style=\"color: #000000;\"><strong>REPARACION DE CALDERAS de gas, gas\u00f3leo y pellets<\/strong><\/span><\/p>\n<p><span style=\"color: #000000;\">Reparamos cualquier tipo de caldera de gas\u00f3leo. En gas y pellets solamente damos servicio a las marcas de las que somos SATO.<\/span><\/p>\n<p><span style=\"color: #000000;\"><strong> REVISION DE CALDERAS de gas y de gas\u00f3leo:<\/strong><\/span><\/p>\n<p><span style=\"color: #000000;\">La caldera, como cualquier aparato, requiere una atenci\u00f3n para garantizar su correcto funcionamiento y seguridad, as\u00ed como que no tenga un consumo exagerado. Para obtener el funcionamiento, rendimiento y seguridad \u00f3ptimos y deseables es preciso revisar su caldera peri\u00f3dicamente (al menos un vez al a\u00f1o). Adem\u00e1s la legislaci\u00f3n le obliga a ello.<\/span><\/p>\n<p><span style=\"color: #000000;\">Lo aconsejable es realizar la revisi\u00f3n fuera del periodo de frio (generalmente de Octubre\u00a0 a Abril), ya que es en esos momentos cuando nuestro aparato debe de estar preparado para funcionar a pleno rendimiento.<\/span><\/p>\n<p><span style=\"color: #000000;\">Para que pueda tener asegurado el funcionamiento de su caldera, desde Clima Alba les ofrecemos nuestros servicios de revisi\u00f3n de caldera al precio m\u00e1s competitivo, dicha revisi\u00f3n consta de los siguientes puntos:<\/span><\/p>\n<ul>\n<li><span style=\"color: #000000;\">Limpieza de los quemadores e intercambiador bitermico en aparatos de gas.<\/span><\/li>\n<li><span style=\"color: #000000;\">Control de los ajustes de consumos de gas en la v\u00e1lvula en aparatos de gas.<\/span><\/li>\n<li><span style=\"color: #000000;\">Comprobaci\u00f3n de estado del termopar o electrodos de ionizaci\u00f3n en aparatos de gas<\/span><\/li>\n<li><span style=\"color: #000000;\">Limpieza del estabilizador, tubo llama y turbina del quemador.<\/span><\/li>\n<li><span style=\"color: #000000;\">Limpieza de filtros de gas-o\u00edl.<\/span><\/li>\n<li><span style=\"color: #000000;\">Sustituci\u00f3n de la boquilla del quemador.<\/span><\/li>\n<li><span style=\"color: #000000;\">Control del nivel de presi\u00f3n de agua de la caldera.<\/span><\/li>\n<li><span style=\"color: #000000;\">Revisi\u00f3n general y ajustes de la caldera.<\/span><\/li>\n<li><span style=\"color: #000000;\">An\u00e1lisis de los productos de combusti\u00f3n.<\/span><\/li>\n<li><span style=\"color: #000000;\">An\u00e1lisis de tiro de la chimenea.<\/span><\/li>\n<li><span style=\"color: #000000;\">Mano De obra.<\/span><\/li>\n<li><span style=\"color: #000000;\">Desplazamiento.<\/span><\/li>\n<li><span style=\"color: #000000;\">Certificado de revisi\u00f3n y mantenimiento de su caldera.<\/span><\/li>\n<\/ul>\n<p style=\"text-align: center;\"><span style=\"color: #000000;\"><strong>\u00a0<\/strong><\/span><\/p>\n<p><span style=\"color: #000000;\">\u00a0<strong>ATENCION DE AVERIAS A DOMICILIO:<\/strong><\/span><\/p>\n<p><span style=\"color: #000000;\">Disponemos de veh\u00edculos taller, equipados con todo lo necesario para poder realizar la mayor parte de las <strong>reparaciones a domicilio<\/strong>. Prestamos servicios en cualquier punto de la regi\u00f3n asturiana. Pongase en <a style=\"color: #000000;\" href=\"http:\/\/talleresateca.es\/?page_id=15\">contacto<\/a>, nuestra prioridad es atenderle r\u00e1pida y eficazmente.<\/span><\/p>\n<p><span style=\"color: #000000;\"><strong>VENTA DE PIEZAS DE RECAMBIO:<\/strong><\/span><\/p>\n<p><span style=\"color: #000000;\">Disponemos de una\u00a0 tienda, surtida de repuestos originales de marcas oficiales, tales como membranas, termopares, termistancias, man\u00f3metros, v\u00e1lvulas de seguridad, llaves de llenado, caudal\u00edmetros, microinterruptores, circuitos impresos, inyectores, etc.<\/span><\/p>\n<p><span style=\"color: #ffffff;\">.<\/span><\/p>\n","protected":false},"excerpt":{"rendered":"<p>Disponemos de diferentes servicios\u00a0 pensados para satisfacer las necesidades de clientes particulares. SATO de \u00a0DOMUSA &#8211;\u00a0TIFELL &#8211; CIB-UNIGAS &#8211; INTERGAS &#8211; VIESSMAN\u00a0 &#8211; ECOFOREST &#8211; LACUNZA &#8211;\u00a0JACOB DELAFON &#8211; TEKA Cambios de caldera Contratos de mantenimiento con revisiones programadas Atenci\u00f3n de aver\u00edas a domicilio Reparaci\u00f3n de calderas de gas, gas\u00f3leo y pellets Reparaci\u00f3n e instalaci\u00f3n &#8230; <a title=\"Particulares\" class=\"read-more\" href=\"http:\/\/climaalba.es\/?page_id=46\" aria-label=\"Leer m\u00e1s sobre Particulares\">Leer m\u00e1s<\/a><\/p>\n","protected":false},"author":1,"featured_media":0,"parent":40,"menu_order":0,"comment_status":"closed","ping_status":"closed","template":"","meta":{"footnotes":""},"class_list":["post-46","page","type-page","status-publish"],"_links":{"self":[{"href":"http:\/\/climaalba.es\/index.php?rest_route=\/wp\/v2\/pages\/46","targetHints":{"allow":["GET"]}}],"collection":[{"href":"http:\/\/climaalba.es\/index.php?rest_route=\/wp\/v2\/pages"}],"about":[{"href":"http:\/\/climaalba.es\/index.php?rest_route=\/wp\/v2\/types\/page"}],"author":[{"embeddable":true,"href":"http:\/\/climaalba.es\/index.php?rest_route=\/wp\/v2\/users\/1"}],"replies":[{"embeddable":true,"href":"http:\/\/climaalba.es\/index.php?rest_route=%2Fwp%2Fv2%2Fcomments&post=46"}],"version-history":[{"count":40,"href":"http:\/\/climaalba.es\/index.php?rest_route=\/wp\/v2\/pages\/46\/revisions"}],"predecessor-version":[{"id":943,"href":"http:\/\/climaalba.es\/index.php?rest_route=\/wp\/v2\/pages\/46\/revisions\/943"}],"up":[{"embeddable":true,"href":"http:\/\/climaalba.es\/index.php?rest_route=\/wp\/v2\/pages\/40"}],"wp:attachment":[{"href":"http:\/\/climaalba.es\/index.php?rest_route=%2Fwp%2Fv2%2Fmedia&parent=46"}],"curies":[{"name":"wp","href":"https:\/\/api.w.org\/{rel}","templated":true}]}}