{"id":26,"date":"2011-10-13T21:58:37","date_gmt":"2011-10-13T19:58:37","guid":{"rendered":"http:\/\/www.talleresateca.es\/?page_id=26"},"modified":"2026-02-16T18:33:31","modified_gmt":"2026-02-16T16:33:31","slug":"rr-hh","status":"publish","type":"page","link":"http:\/\/climaalba.es\/?page_id=26","title":{"rendered":"Empleo"},"content":{"rendered":"<p><span style=\"color: #000000;\">Clima alba es una empresa familiar, que participa activamente en la formaci\u00f3n de nuevos t\u00e9cnicos del sector. Colaboramos con el<\/span> <a href=\"https:\/\/www.cifp-mantenimiento.es\/\" target=\"_blank\" rel=\"noopener\">CIFP<\/a> <span style=\"color: #000000;\">de Sama de Langreo y el <a href=\"https:\/\/www.fundacionmasaveu.com\/\" target=\"_blank\" rel=\"noopener\">Instituto Fundaci\u00f3n Masaveu<\/a>.<\/span>\u00a0 <span style=\"color: #000000;\">Colaboramos con<\/span> <a href=\"http:\/\/www.femetal.es\/\" target=\"_blank\" rel=\"noopener\">FEMETAL<\/a> <span style=\"color: #000000;\">admitiendo becarios que realizan sus pr\u00e1cticas en nuestra empresa.<\/span><\/p>\n<p><span style=\"color: #000000;\">Tambi\u00e9n disponemos a veces de plazas libres en nuestra plantilla, si tienes experiencia en el sector y una formaci\u00f3n en electricidad y ciclo formativo FP de fr\u00edo y calor, puedes enviarnos tu C.V. a<\/span> <a href=\"mailto:info@climaalba.es\" target=\"_blank\" rel=\"noopener\">info@climaalba.es<\/a><\/p>\n\n\n<p><\/p>\n","protected":false},"excerpt":{"rendered":"<p>Clima alba es una empresa familiar, que participa activamente en la formaci\u00f3n de nuevos t\u00e9cnicos del sector. Colaboramos con el CIFP de Sama de Langreo y el Instituto Fundaci\u00f3n Masaveu.\u00a0 Colaboramos con FEMETAL admitiendo becarios que realizan sus pr\u00e1cticas en nuestra empresa. Tambi\u00e9n disponemos a veces de plazas libres en nuestra plantilla, si tienes experiencia &#8230; <a title=\"Empleo\" class=\"read-more\" href=\"http:\/\/climaalba.es\/?page_id=26\" aria-label=\"Leer m\u00e1s sobre Empleo\">Leer m\u00e1s<\/a><\/p>\n","protected":false},"author":1,"featured_media":0,"parent":0,"menu_order":0,"comment_status":"closed","ping_status":"closed","template":"","meta":{"footnotes":""},"class_list":["post-26","page","type-page","status-publish"],"_links":{"self":[{"href":"http:\/\/climaalba.es\/index.php?rest_route=\/wp\/v2\/pages\/26","targetHints":{"allow":["GET"]}}],"collection":[{"href":"http:\/\/climaalba.es\/index.php?rest_route=\/wp\/v2\/pages"}],"about":[{"href":"http:\/\/climaalba.es\/index.php?rest_route=\/wp\/v2\/types\/page"}],"author":[{"embeddable":true,"href":"http:\/\/climaalba.es\/index.php?rest_route=\/wp\/v2\/users\/1"}],"replies":[{"embeddable":true,"href":"http:\/\/climaalba.es\/index.php?rest_route=%2Fwp%2Fv2%2Fcomments&post=26"}],"version-history":[{"count":23,"href":"http:\/\/climaalba.es\/index.php?rest_route=\/wp\/v2\/pages\/26\/revisions"}],"predecessor-version":[{"id":923,"href":"http:\/\/climaalba.es\/index.php?rest_route=\/wp\/v2\/pages\/26\/revisions\/923"}],"wp:attachment":[{"href":"http:\/\/climaalba.es\/index.php?rest_route=%2Fwp%2Fv2%2Fmedia&parent=26"}],"curies":[{"name":"wp","href":"https:\/\/api.w.org\/{rel}","templated":true}]}}