{"id":2,"date":"2011-09-14T22:48:01","date_gmt":"2011-09-14T20:48:01","guid":{"rendered":"http:\/\/www.talleresateca.es\/?page_id=2"},"modified":"2026-02-18T13:15:22","modified_gmt":"2026-02-18T11:15:22","slug":"acerca-de","status":"publish","type":"page","link":"http:\/\/climaalba.es\/?page_id=2","title":{"rendered":"Empresa"},"content":{"rendered":"<p><span style=\"color: #000000;\">Clima Alba, i<\/span><span style=\"color: #000000;\">nici\u00f3 su andadura en el a\u00f1o 2019 aunque el equipo humano acumula una experiencia de m\u00e1s de 20 a\u00f1os en el sector.<\/span><\/p>\n<p><span style=\"color: #000000;\">Prestamos servicios en cualquier punto de la regi\u00f3n asturiana, a m\u00faltiples tipos de clientes c\u00f3mo: f\u00e1bricas o peque\u00f1as industrias, comunidades de vecinos, colegios, iglesias, hoteles, etc. Disponemos de varios veh\u00edculos tipo taller, equipados con todo lo necesario para poder realizar la mayor parte de las <strong>reparaciones a domicilio.<\/strong><\/span><\/p>\n<p><span style=\"color: #000000;\">Somos empresa homologada por el Ministerio de Industria para:<\/span><\/p>\n<ul>\n<li><span style=\"color: #000000;\">Realizar instalaciones t\u00e9rmicas de edificios, categor\u00eda Calefacci\u00f3n y A.C.S<\/span><\/li>\n<li><span style=\"color: #000000;\">Reparar, mantener y conservar, instalaciones t\u00e9rmicas de edificios, categor\u00eda Calefacci\u00f3n y A.C.S<\/span><\/li>\n<li><span style=\"color: #000000;\">Realizar instalaciones de gas categor\u00eda \u00a0EG-B<\/span><\/li>\n<\/ul>\n<p><span style=\"color: #000000;\">Ofrecemos Servicio de Asistencia T\u00e9cnica Oficial, (S.A.T.O) a las siguientes marcas:<\/span><\/p>\n<ul>\n<li><a href=\"https:\/\/www.domusateknik.com\/es\/\" target=\"_blank\" rel=\"noopener\">DOMUSA<\/a>, <a href=\"http:\/\/tifell.com\/\" target=\"_blank\" rel=\"noopener\">TIFELL<\/a> , <a href=\"https:\/\/www.cibunigas.com\/es\/home-3\/\" target=\"_blank\" rel=\"noopener\">CIB-UNIGAS<\/a> , <a href=\"https:\/\/www.intergas.es\/\">INTERGAS<\/a>, y <a href=\"https:\/\/www.viessmann.es\/\" target=\"_blank\" rel=\"noopener\">VIESSMANN<\/a> <span style=\"color: #000000;\">en\u00a0 gas y gas\u00f3leo<\/span><\/li>\n<li><a href=\"https:\/\/ecoforest.com\/es\/\" target=\"_blank\" rel=\"noopener\">ECOFOREST<\/a> y\u00a0<a href=\"http:\/\/www.lacunza.net\/\" target=\"_blank\" rel=\"noopener\">LACUNZA<\/a> <span style=\"color: #000000;\">en biomasa, pellets y le\u00f1a.<\/span><\/li>\n<li><a href=\"https:\/\/www.jacobdelafon.es\/\" target=\"_blank\" rel=\"noopener\">JACOB DELAFON<\/a> y<a href=\"https:\/\/www.teka.com\/es-es\/\"> TEKA<\/a> <span style=\"color: #000000;\">en conservaci\u00f3n reparaci\u00f3n y mantenimiento, de ba\u00f1eras de hidromasaje, grifer\u00edas<\/span> <span style=\"color: #000000;\">termost\u00e1ticas y electr\u00f3nicas, sanitarios, etc.<\/span><\/li>\n<\/ul>\n<p><span style=\"color: #000000;\">Disponemos de una\u00a0 <strong>TIENDA<\/strong>, surtida de repuestos originales de marcas oficiales, tales como membranas, termopares, termistancias, man\u00f3metros, v\u00e1lvulas de seguridad, llaves de llenado, caudal\u00edmetros, micro-interruptores, circuitos impresos, inyectores, etc. Lo que nos da una gran rapidez de respuesta ante reparaciones urgentes.<\/span><\/p>\n<p><span style=\"color: #000000;\">Algunos de nuestros clientes actuales son:<\/span><\/p>\n<ul>\n<li><span style=\"color: #000000;\"><strong>Guardia Civil<\/strong>, mantenemos los sistemas de calefacci\u00f3n de todas las Comandancias de Oviedo y Gij\u00f3n.<\/span><\/li>\n<li><span style=\"color: #000000;\"><strong>SESPA<\/strong>, realizamos tareas de mantenimiento y reparaci\u00f3n en los edificios del \u00e1rea 7.<\/span><\/li>\n<li><span style=\"color: #000000;\"><strong>VIPASA<\/strong>, mantenimiento de los edificios instalados con biomasa (pellets) en la zona del occidente asturiano.<\/span><\/li>\n<\/ul>\n<p><span style=\"color: #000000;\">Nuestra empresa est\u00e1 orientada a conseguir \u00a0la satisfacci\u00f3n del cliente en los siguientes aspectos:<\/span><\/p>\n<ul>\n<li><span style=\"color: #000000;\">Rapidez en la atenci\u00f3n y asesoramiento ante problemas y sugerencias.<\/span><\/li>\n<li><span style=\"color: #000000;\">Calidad y fiabilidad en nuestros productos y servicios.<\/span><\/li>\n<li><span style=\"color: #000000;\">Precio competitivo en nuestros servicios \u00a0y rapidez en los plazos de entrega.<\/span><\/li>\n<li><span style=\"color: #000000;\">Respeto a las personas, clientes, proveedores y el entorno de trabajo en general.<\/span><\/li>\n<li><span style=\"color: #000000;\">Ser abiertos en la comunicaci\u00f3n e informaci\u00f3n.<\/span><\/li>\n<li><span style=\"color: #000000;\">Cumplimiento de la normativa Industrial, adem\u00e1s de seguridad y salud laboral.<\/span><\/li>\n<\/ul>\n<p><span style=\"color: #000000;\">Clima alba pertenece a :<\/span><\/p>\n<p>\u00a0<a href=\"http:\/\/www.conaif.es\" target=\"_blank\" rel=\"noopener\"><img loading=\"lazy\" decoding=\"async\" class=\"alignnone  wp-image-843\" src=\"http:\/\/climaalba.es\/wp-content\/uploads\/2026\/02\/conaif.jpg\" alt=\"\" width=\"182\" height=\"113\" \/><\/a><\/p>\n<p><span style=\"color: #000000;\">COnfederaci\u00f3n NAcional de Asociaciones de Empresas de Fontaner\u00eda, Gas, Calefacci\u00f3n, Climatizaci\u00f3n, Protecci\u00f3n contra Incendios, Electricidad y Afines:\u00a0<\/span><a title=\"CONAIF\" href=\"http:\/\/www.conaif.es\/pages\/home\/home.php\" target=\"_blank\" rel=\"noopener\"> CONAIF<\/a><\/p>\n<p><a href=\"http:\/\/www.asinas.org\" target=\"_blank\" rel=\"noopener\">\u00a0<\/a><a href=\"https:\/\/asinas.org\/\" target=\"_blank\" rel=\"noopener\"><img loading=\"lazy\" decoding=\"async\" class=\"alignnone  wp-image-842\" src=\"http:\/\/climaalba.es\/wp-content\/uploads\/2026\/02\/asinas.jpg\" alt=\"\" width=\"200\" height=\"117\" \/><\/a><\/p>\n<p><span style=\"color: #000000;\">ASocici\u00f3n de INstaladores ASturianos:\u00a0<\/span> <a title=\"asinas\" href=\"http:\/\/www.asinas.org\" target=\"_blank\" rel=\"noopener\">ASINAS<\/a><\/p>\n<p><a href=\"https:\/\/fade.es\/\" target=\"_blank\" rel=\"noopener\"><img loading=\"lazy\" decoding=\"async\" class=\"alignnone size-large wp-image-844\" src=\"http:\/\/climaalba.es\/wp-content\/uploads\/2026\/02\/FADE.jpg\" alt=\"\" width=\"172\" height=\"76\" \/><\/a><\/p>\n<p>\u00a0 \u00a0<span style=\"color: #000000;\"> \u00a0Federaci\u00f3n Asturiana de Empresarios<\/span>\u00a0 <a href=\"https:\/\/fade.es\/\">FADE<\/a><\/p>\n\n\n<p><\/p>\n","protected":false},"excerpt":{"rendered":"<p>Clima Alba, inici\u00f3 su andadura en el a\u00f1o 2019 aunque el equipo humano acumula una experiencia de m\u00e1s de 20 a\u00f1os en el sector. Prestamos servicios en cualquier punto de la regi\u00f3n asturiana, a m\u00faltiples tipos de clientes c\u00f3mo: f\u00e1bricas o peque\u00f1as industrias, comunidades de vecinos, colegios, iglesias, hoteles, etc. Disponemos de varios veh\u00edculos tipo &#8230; <a title=\"Empresa\" class=\"read-more\" href=\"http:\/\/climaalba.es\/?page_id=2\" aria-label=\"Leer m\u00e1s sobre Empresa\">Leer m\u00e1s<\/a><\/p>\n","protected":false},"author":1,"featured_media":0,"parent":0,"menu_order":0,"comment_status":"closed","ping_status":"closed","template":"","meta":{"footnotes":""},"class_list":["post-2","page","type-page","status-publish"],"_links":{"self":[{"href":"http:\/\/climaalba.es\/index.php?rest_route=\/wp\/v2\/pages\/2","targetHints":{"allow":["GET"]}}],"collection":[{"href":"http:\/\/climaalba.es\/index.php?rest_route=\/wp\/v2\/pages"}],"about":[{"href":"http:\/\/climaalba.es\/index.php?rest_route=\/wp\/v2\/types\/page"}],"author":[{"embeddable":true,"href":"http:\/\/climaalba.es\/index.php?rest_route=\/wp\/v2\/users\/1"}],"replies":[{"embeddable":true,"href":"http:\/\/climaalba.es\/index.php?rest_route=%2Fwp%2Fv2%2Fcomments&post=2"}],"version-history":[{"count":35,"href":"http:\/\/climaalba.es\/index.php?rest_route=\/wp\/v2\/pages\/2\/revisions"}],"predecessor-version":[{"id":940,"href":"http:\/\/climaalba.es\/index.php?rest_route=\/wp\/v2\/pages\/2\/revisions\/940"}],"wp:attachment":[{"href":"http:\/\/climaalba.es\/index.php?rest_route=%2Fwp%2Fv2%2Fmedia&parent=2"}],"curies":[{"name":"wp","href":"https:\/\/api.w.org\/{rel}","templated":true}]}}